{"id":9,"date":"2019-07-23T17:46:57","date_gmt":"2019-07-23T17:46:57","guid":{"rendered":"https:\/\/201907231919.pre.elionter.net\/?page_id=8"},"modified":"2025-01-05T09:44:35","modified_gmt":"2025-01-05T09:44:35","slug":"christina-bach-klavierunterricht-klavierkonzerte-in-bad-honnef-mit-ueber-25-jahren-erfahrung","status":"publish","type":"page","link":"https:\/\/christinabach.com\/","title":{"rendered":"Willkommen"},"content":{"rendered":"<p>Mein Name ist Christina Bach. Seit mehr als 25 Jahren gebe ich mit viel Freude und Engagement Klavierunterricht f\u00fcr Kinder, Jugendliche und Erwachsene.<\/p>\n<p>Mein Unterrichtsstil ist individuell abgestimmt und passt sich den Interessen, F\u00e4higkeiten und W\u00fcnschen meiner Sch\u00fcler an. Dabei bringe ich meine langj\u00e4hrige Erfahrungen als Musikerin und P\u00e4dagogin in meinen Unterricht ein, mache ihn lebendig und individuell, um jeden Sch\u00fcler bestm\u00f6glich zu f\u00f6rdern und Freude beim Musizieren zu haben. Der Unterricht findet bei mir zu Hause in Rh\u00f6ndorf an meinem Fl\u00fcgel statt.<\/p>\n<p>&#8222;Es ist einfach, ein Musikinstrument zu spielen. Man muss nur die richtige Taste zur richtigen Zeit dr\u00fccken, und das Instrument spielt wie von selbst.&#8220; &#8211; <i>J.S. Bach\u00a0<\/i><\/p>\n\n\n<figure class=\"wp-block-image size-large\"><img decoding=\"async\" src=\"https:\/\/christinabach.com\/wp-content\/uploads\/2024\/12\/Foto-Tini-2024-Lutherkirche.heic\" alt=\"\" class=\"wp-image-189\"\/><\/figure>\n\n\n\n<p><\/p>\n","protected":false},"excerpt":{"rendered":"<p>Mein Name ist Christina Bach. Seit mehr als 25 Jahren gebe ich mit viel Freude und Engagement Klavierunterricht f\u00fcr Kinder, Jugendliche und Erwachsene. Mein Unterrichtsstil ist individuell abgestimmt und passt sich den Interessen, F\u00e4higkeiten und W\u00fcnschen meiner Sch\u00fcler an. Dabei bringe ich meine langj\u00e4hrige Erfahrungen als Musikerin und P\u00e4dagogin in meinen Unterricht ein, mache ihn &hellip; <\/p>\n<p class=\"link-more\"><a href=\"https:\/\/christinabach.com\/\" class=\"more-link\"><span class=\"screen-reader-text\">\u201eWillkommen\u201c<\/span> weiterlesen<\/a><\/p>\n","protected":false},"author":1,"featured_media":0,"parent":0,"menu_order":0,"comment_status":"closed","ping_status":"closed","template":"","meta":{"footnotes":""},"class_list":["post-9","page","type-page","status-publish","hentry"],"yoast_head":"<!-- This site is optimized with the Yoast SEO plugin v24.1 - https:\/\/yoast.com\/wordpress\/plugins\/seo\/ -->\n<title>Willkommen - Christina Bach<\/title>\n<meta name=\"description\" content=\"Christina Bach, Musikp\u00e4dagogin, gibt seit \u00fcber 25 Jahren Klavierunterricht und begeistert mit ihren Konzerten in Bad Honnef und Umgebung. F\u00fcr Kinder, Jugendliche und Erwachsene \u2013 lebendig, pers\u00f6nlich und mit Freude am Musizieren.\" \/>\n<meta name=\"robots\" content=\"index, follow, max-snippet:-1, max-image-preview:large, max-video-preview:-1\" \/>\n<link rel=\"canonical\" href=\"https:\/\/christinabach.com\/\" \/>\n<meta property=\"og:locale\" content=\"de_DE\" \/>\n<meta property=\"og:type\" content=\"article\" \/>\n<meta property=\"og:title\" content=\"Willkommen - Christina Bach\" \/>\n<meta property=\"og:description\" content=\"Christina Bach, Musikp\u00e4dagogin, gibt seit \u00fcber 25 Jahren Klavierunterricht und begeistert mit ihren Konzerten in Bad Honnef und Umgebung. F\u00fcr Kinder, Jugendliche und Erwachsene \u2013 lebendig, pers\u00f6nlich und mit Freude am Musizieren.\" \/>\n<meta property=\"og:url\" content=\"https:\/\/christinabach.com\/\" \/>\n<meta property=\"og:site_name\" content=\"Christina Bach\" \/>\n<meta property=\"article:modified_time\" content=\"2025-01-05T09:44:35+00:00\" \/>\n<meta name=\"twitter:card\" content=\"summary_large_image\" \/>\n<meta name=\"twitter:label1\" content=\"Gesch\u00e4tzte Lesezeit\" \/>\n\t<meta name=\"twitter:data1\" content=\"1\u00a0Minute\" \/>\n<script type=\"application\/ld+json\" class=\"yoast-schema-graph\">{\"@context\":\"https:\/\/schema.org\",\"@graph\":[{\"@type\":\"WebPage\",\"@id\":\"https:\/\/christinabach.com\/\",\"url\":\"https:\/\/christinabach.com\/\",\"name\":\"Willkommen - Christina Bach\",\"isPartOf\":{\"@id\":\"https:\/\/christinabach.com\/#website\"},\"primaryImageOfPage\":{\"@id\":\"https:\/\/christinabach.com\/#primaryimage\"},\"image\":{\"@id\":\"https:\/\/christinabach.com\/#primaryimage\"},\"thumbnailUrl\":\"https:\/\/christinabach.com\/wp-content\/uploads\/2024\/12\/Foto-Tini-2024-Lutherkirche.heic\",\"datePublished\":\"2019-07-23T17:46:57+00:00\",\"dateModified\":\"2025-01-05T09:44:35+00:00\",\"description\":\"Christina Bach, Musikp\u00e4dagogin, gibt seit \u00fcber 25 Jahren Klavierunterricht und begeistert mit ihren Konzerten in Bad Honnef und Umgebung. F\u00fcr Kinder, Jugendliche und Erwachsene \u2013 lebendig, pers\u00f6nlich und mit Freude am Musizieren.\",\"breadcrumb\":{\"@id\":\"https:\/\/christinabach.com\/#breadcrumb\"},\"inLanguage\":\"de\",\"potentialAction\":[{\"@type\":\"ReadAction\",\"target\":[\"https:\/\/christinabach.com\/\"]}]},{\"@type\":\"ImageObject\",\"inLanguage\":\"de\",\"@id\":\"https:\/\/christinabach.com\/#primaryimage\",\"url\":\"https:\/\/christinabach.com\/wp-content\/uploads\/2024\/12\/Foto-Tini-2024-Lutherkirche.heic\",\"contentUrl\":\"https:\/\/christinabach.com\/wp-content\/uploads\/2024\/12\/Foto-Tini-2024-Lutherkirche.heic\"},{\"@type\":\"BreadcrumbList\",\"@id\":\"https:\/\/christinabach.com\/#breadcrumb\",\"itemListElement\":[{\"@type\":\"ListItem\",\"position\":1,\"name\":\"Startseite\",\"item\":\"https:\/\/christinabach.com\/\"},{\"@type\":\"ListItem\",\"position\":2,\"name\":\"Willkommen\"}]},{\"@type\":\"WebSite\",\"@id\":\"https:\/\/christinabach.com\/#website\",\"url\":\"https:\/\/christinabach.com\/\",\"name\":\"Christina Bach\",\"description\":\"Musikerin. Pianistin. Musikp\u00e4dagogin. \",\"potentialAction\":[{\"@type\":\"SearchAction\",\"target\":{\"@type\":\"EntryPoint\",\"urlTemplate\":\"https:\/\/christinabach.com\/?s={search_term_string}\"},\"query-input\":{\"@type\":\"PropertyValueSpecification\",\"valueRequired\":true,\"valueName\":\"search_term_string\"}}],\"inLanguage\":\"de\"}]}<\/script>\n<!-- \/ Yoast SEO plugin. -->","yoast_head_json":{"title":"Willkommen - Christina Bach","description":"Christina Bach, Musikp\u00e4dagogin, gibt seit \u00fcber 25 Jahren Klavierunterricht und begeistert mit ihren Konzerten in Bad Honnef und Umgebung. F\u00fcr Kinder, Jugendliche und Erwachsene \u2013 lebendig, pers\u00f6nlich und mit Freude am Musizieren.","robots":{"index":"index","follow":"follow","max-snippet":"max-snippet:-1","max-image-preview":"max-image-preview:large","max-video-preview":"max-video-preview:-1"},"canonical":"https:\/\/christinabach.com\/","og_locale":"de_DE","og_type":"article","og_title":"Willkommen - Christina Bach","og_description":"Christina Bach, Musikp\u00e4dagogin, gibt seit \u00fcber 25 Jahren Klavierunterricht und begeistert mit ihren Konzerten in Bad Honnef und Umgebung. F\u00fcr Kinder, Jugendliche und Erwachsene \u2013 lebendig, pers\u00f6nlich und mit Freude am Musizieren.","og_url":"https:\/\/christinabach.com\/","og_site_name":"Christina Bach","article_modified_time":"2025-01-05T09:44:35+00:00","twitter_card":"summary_large_image","twitter_misc":{"Gesch\u00e4tzte Lesezeit":"1\u00a0Minute"},"schema":{"@context":"https:\/\/schema.org","@graph":[{"@type":"WebPage","@id":"https:\/\/christinabach.com\/","url":"https:\/\/christinabach.com\/","name":"Willkommen - Christina Bach","isPartOf":{"@id":"https:\/\/christinabach.com\/#website"},"primaryImageOfPage":{"@id":"https:\/\/christinabach.com\/#primaryimage"},"image":{"@id":"https:\/\/christinabach.com\/#primaryimage"},"thumbnailUrl":"https:\/\/christinabach.com\/wp-content\/uploads\/2024\/12\/Foto-Tini-2024-Lutherkirche.heic","datePublished":"2019-07-23T17:46:57+00:00","dateModified":"2025-01-05T09:44:35+00:00","description":"Christina Bach, Musikp\u00e4dagogin, gibt seit \u00fcber 25 Jahren Klavierunterricht und begeistert mit ihren Konzerten in Bad Honnef und Umgebung. F\u00fcr Kinder, Jugendliche und Erwachsene \u2013 lebendig, pers\u00f6nlich und mit Freude am Musizieren.","breadcrumb":{"@id":"https:\/\/christinabach.com\/#breadcrumb"},"inLanguage":"de","potentialAction":[{"@type":"ReadAction","target":["https:\/\/christinabach.com\/"]}]},{"@type":"ImageObject","inLanguage":"de","@id":"https:\/\/christinabach.com\/#primaryimage","url":"https:\/\/christinabach.com\/wp-content\/uploads\/2024\/12\/Foto-Tini-2024-Lutherkirche.heic","contentUrl":"https:\/\/christinabach.com\/wp-content\/uploads\/2024\/12\/Foto-Tini-2024-Lutherkirche.heic"},{"@type":"BreadcrumbList","@id":"https:\/\/christinabach.com\/#breadcrumb","itemListElement":[{"@type":"ListItem","position":1,"name":"Startseite","item":"https:\/\/christinabach.com\/"},{"@type":"ListItem","position":2,"name":"Willkommen"}]},{"@type":"WebSite","@id":"https:\/\/christinabach.com\/#website","url":"https:\/\/christinabach.com\/","name":"Christina Bach","description":"Musikerin. Pianistin. Musikp\u00e4dagogin. ","potentialAction":[{"@type":"SearchAction","target":{"@type":"EntryPoint","urlTemplate":"https:\/\/christinabach.com\/?s={search_term_string}"},"query-input":{"@type":"PropertyValueSpecification","valueRequired":true,"valueName":"search_term_string"}}],"inLanguage":"de"}]}},"_links":{"self":[{"href":"https:\/\/christinabach.com\/index.php?rest_route=\/wp\/v2\/pages\/9","targetHints":{"allow":["GET"]}}],"collection":[{"href":"https:\/\/christinabach.com\/index.php?rest_route=\/wp\/v2\/pages"}],"about":[{"href":"https:\/\/christinabach.com\/index.php?rest_route=\/wp\/v2\/types\/page"}],"author":[{"embeddable":true,"href":"https:\/\/christinabach.com\/index.php?rest_route=\/wp\/v2\/users\/1"}],"replies":[{"embeddable":true,"href":"https:\/\/christinabach.com\/index.php?rest_route=%2Fwp%2Fv2%2Fcomments&post=9"}],"version-history":[{"count":6,"href":"https:\/\/christinabach.com\/index.php?rest_route=\/wp\/v2\/pages\/9\/revisions"}],"predecessor-version":[{"id":204,"href":"https:\/\/christinabach.com\/index.php?rest_route=\/wp\/v2\/pages\/9\/revisions\/204"}],"wp:attachment":[{"href":"https:\/\/christinabach.com\/index.php?rest_route=%2Fwp%2Fv2%2Fmedia&parent=9"}],"curies":[{"name":"wp","href":"https:\/\/api.w.org\/{rel}","templated":true}]}}