{"id":65,"date":"2019-09-26T10:40:16","date_gmt":"2019-09-26T10:40:16","guid":{"rendered":"https:\/\/201907231919.pre.elionter.net\/?page_id=65"},"modified":"2024-12-31T16:07:31","modified_gmt":"2024-12-31T16:07:31","slug":"klavierunterricht","status":"publish","type":"page","link":"https:\/\/christinabach.com\/?page_id=65","title":{"rendered":"Klavierunterricht"},"content":{"rendered":"\n<figure class=\"wp-block-image\"><img decoding=\"async\" src=\"http:\/\/www.christinabach.com\/mediapool\/89\/897616\/resources\/47747765.jpg\" alt=\"\"\/><\/figure>\n\n\n\n<p>Der Unterricht findet einmal w\u00f6chentlich w\u00e4hrend der Schulzeit statt (30, 45 oder 60 Minuten).&nbsp;<\/p>\n\n\n\n<p>Zweimal im Jahr veranstalte ich Sch\u00fclervorspiele entweder bei mir zu Hause oder im Klavierhaus Klavins.&nbsp;<\/p>\n\n\n\n<p><strong>Ort<\/strong><br>\u00a0Der Klavierunterricht findet bei mir zu Hause in Rh\u00f6ndorf statt. <\/p>\n\n\n\n\n\n<figure class=\"wp-block-image\"><img decoding=\"async\" src=\"https:\/\/201907231919.pre.elionter.net\/wp-content\/uploads\/2019\/09\/Bildschirmfoto-2019-09-26-um-12.46.32-1024x611.png\" alt=\"\" class=\"wp-image-75\"\/><\/figure>\n","protected":false},"excerpt":{"rendered":"<p>Der Unterricht findet einmal w\u00f6chentlich w\u00e4hrend der Schulzeit statt (30, 45 oder 60 Minuten).&nbsp; Zweimal im Jahr veranstalte ich Sch\u00fclervorspiele entweder bei mir zu Hause oder im Klavierhaus Klavins.&nbsp; Ort\u00a0Der Klavierunterricht findet bei mir zu Hause in Rh\u00f6ndorf statt.<\/p>\n","protected":false},"author":1,"featured_media":0,"parent":0,"menu_order":0,"comment_status":"closed","ping_status":"closed","template":"","meta":{"footnotes":""},"class_list":["post-65","page","type-page","status-publish","hentry"],"yoast_head":"<!-- This site is optimized with the Yoast SEO plugin v24.1 - https:\/\/yoast.com\/wordpress\/plugins\/seo\/ -->\n<title>Klavierunterricht - Christina Bach<\/title>\n<meta name=\"robots\" content=\"index, follow, max-snippet:-1, max-image-preview:large, max-video-preview:-1\" \/>\n<link rel=\"canonical\" href=\"https:\/\/christinabach.com\/?page_id=65\" \/>\n<meta property=\"og:locale\" content=\"de_DE\" \/>\n<meta property=\"og:type\" content=\"article\" \/>\n<meta property=\"og:title\" content=\"Klavierunterricht - Christina Bach\" \/>\n<meta property=\"og:description\" content=\"Der Unterricht findet einmal w\u00f6chentlich w\u00e4hrend der Schulzeit statt (30, 45 oder 60 Minuten).&nbsp; Zweimal im Jahr veranstalte ich Sch\u00fclervorspiele entweder bei mir zu Hause oder im Klavierhaus Klavins.&nbsp; Ort\u00a0Der Klavierunterricht findet bei mir zu Hause in Rh\u00f6ndorf statt.\" \/>\n<meta property=\"og:url\" content=\"https:\/\/christinabach.com\/?page_id=65\" \/>\n<meta property=\"og:site_name\" content=\"Christina Bach\" \/>\n<meta property=\"article:modified_time\" content=\"2024-12-31T16:07:31+00:00\" \/>\n<meta property=\"og:image\" content=\"http:\/\/www.christinabach.com\/mediapool\/89\/897616\/resources\/47747765.jpg\" \/>\n<meta name=\"twitter:card\" content=\"summary_large_image\" \/>\n<script type=\"application\/ld+json\" class=\"yoast-schema-graph\">{\"@context\":\"https:\/\/schema.org\",\"@graph\":[{\"@type\":\"WebPage\",\"@id\":\"https:\/\/christinabach.com\/?page_id=65\",\"url\":\"https:\/\/christinabach.com\/?page_id=65\",\"name\":\"Klavierunterricht - Christina Bach\",\"isPartOf\":{\"@id\":\"https:\/\/christinabach.com\/#website\"},\"primaryImageOfPage\":{\"@id\":\"https:\/\/christinabach.com\/?page_id=65#primaryimage\"},\"image\":{\"@id\":\"https:\/\/christinabach.com\/?page_id=65#primaryimage\"},\"thumbnailUrl\":\"http:\/\/www.christinabach.com\/mediapool\/89\/897616\/resources\/47747765.jpg\",\"datePublished\":\"2019-09-26T10:40:16+00:00\",\"dateModified\":\"2024-12-31T16:07:31+00:00\",\"breadcrumb\":{\"@id\":\"https:\/\/christinabach.com\/?page_id=65#breadcrumb\"},\"inLanguage\":\"de\",\"potentialAction\":[{\"@type\":\"ReadAction\",\"target\":[\"https:\/\/christinabach.com\/?page_id=65\"]}]},{\"@type\":\"ImageObject\",\"inLanguage\":\"de\",\"@id\":\"https:\/\/christinabach.com\/?page_id=65#primaryimage\",\"url\":\"http:\/\/www.christinabach.com\/mediapool\/89\/897616\/resources\/47747765.jpg\",\"contentUrl\":\"http:\/\/www.christinabach.com\/mediapool\/89\/897616\/resources\/47747765.jpg\"},{\"@type\":\"BreadcrumbList\",\"@id\":\"https:\/\/christinabach.com\/?page_id=65#breadcrumb\",\"itemListElement\":[{\"@type\":\"ListItem\",\"position\":1,\"name\":\"Startseite\",\"item\":\"https:\/\/christinabach.com\/\"},{\"@type\":\"ListItem\",\"position\":2,\"name\":\"Klavierunterricht\"}]},{\"@type\":\"WebSite\",\"@id\":\"https:\/\/christinabach.com\/#website\",\"url\":\"https:\/\/christinabach.com\/\",\"name\":\"Christina Bach\",\"description\":\"Musikerin. Pianistin. Musikp\u00e4dagogin. \",\"potentialAction\":[{\"@type\":\"SearchAction\",\"target\":{\"@type\":\"EntryPoint\",\"urlTemplate\":\"https:\/\/christinabach.com\/?s={search_term_string}\"},\"query-input\":{\"@type\":\"PropertyValueSpecification\",\"valueRequired\":true,\"valueName\":\"search_term_string\"}}],\"inLanguage\":\"de\"}]}<\/script>\n<!-- \/ Yoast SEO plugin. -->","yoast_head_json":{"title":"Klavierunterricht - Christina Bach","robots":{"index":"index","follow":"follow","max-snippet":"max-snippet:-1","max-image-preview":"max-image-preview:large","max-video-preview":"max-video-preview:-1"},"canonical":"https:\/\/christinabach.com\/?page_id=65","og_locale":"de_DE","og_type":"article","og_title":"Klavierunterricht - Christina Bach","og_description":"Der Unterricht findet einmal w\u00f6chentlich w\u00e4hrend der Schulzeit statt (30, 45 oder 60 Minuten).&nbsp; Zweimal im Jahr veranstalte ich Sch\u00fclervorspiele entweder bei mir zu Hause oder im Klavierhaus Klavins.&nbsp; Ort\u00a0Der Klavierunterricht findet bei mir zu Hause in Rh\u00f6ndorf statt.","og_url":"https:\/\/christinabach.com\/?page_id=65","og_site_name":"Christina Bach","article_modified_time":"2024-12-31T16:07:31+00:00","og_image":[{"url":"http:\/\/www.christinabach.com\/mediapool\/89\/897616\/resources\/47747765.jpg","type":"","width":"","height":""}],"twitter_card":"summary_large_image","schema":{"@context":"https:\/\/schema.org","@graph":[{"@type":"WebPage","@id":"https:\/\/christinabach.com\/?page_id=65","url":"https:\/\/christinabach.com\/?page_id=65","name":"Klavierunterricht - Christina Bach","isPartOf":{"@id":"https:\/\/christinabach.com\/#website"},"primaryImageOfPage":{"@id":"https:\/\/christinabach.com\/?page_id=65#primaryimage"},"image":{"@id":"https:\/\/christinabach.com\/?page_id=65#primaryimage"},"thumbnailUrl":"http:\/\/www.christinabach.com\/mediapool\/89\/897616\/resources\/47747765.jpg","datePublished":"2019-09-26T10:40:16+00:00","dateModified":"2024-12-31T16:07:31+00:00","breadcrumb":{"@id":"https:\/\/christinabach.com\/?page_id=65#breadcrumb"},"inLanguage":"de","potentialAction":[{"@type":"ReadAction","target":["https:\/\/christinabach.com\/?page_id=65"]}]},{"@type":"ImageObject","inLanguage":"de","@id":"https:\/\/christinabach.com\/?page_id=65#primaryimage","url":"http:\/\/www.christinabach.com\/mediapool\/89\/897616\/resources\/47747765.jpg","contentUrl":"http:\/\/www.christinabach.com\/mediapool\/89\/897616\/resources\/47747765.jpg"},{"@type":"BreadcrumbList","@id":"https:\/\/christinabach.com\/?page_id=65#breadcrumb","itemListElement":[{"@type":"ListItem","position":1,"name":"Startseite","item":"https:\/\/christinabach.com\/"},{"@type":"ListItem","position":2,"name":"Klavierunterricht"}]},{"@type":"WebSite","@id":"https:\/\/christinabach.com\/#website","url":"https:\/\/christinabach.com\/","name":"Christina Bach","description":"Musikerin. Pianistin. Musikp\u00e4dagogin. ","potentialAction":[{"@type":"SearchAction","target":{"@type":"EntryPoint","urlTemplate":"https:\/\/christinabach.com\/?s={search_term_string}"},"query-input":{"@type":"PropertyValueSpecification","valueRequired":true,"valueName":"search_term_string"}}],"inLanguage":"de"}]}},"_links":{"self":[{"href":"https:\/\/christinabach.com\/index.php?rest_route=\/wp\/v2\/pages\/65","targetHints":{"allow":["GET"]}}],"collection":[{"href":"https:\/\/christinabach.com\/index.php?rest_route=\/wp\/v2\/pages"}],"about":[{"href":"https:\/\/christinabach.com\/index.php?rest_route=\/wp\/v2\/types\/page"}],"author":[{"embeddable":true,"href":"https:\/\/christinabach.com\/index.php?rest_route=\/wp\/v2\/users\/1"}],"replies":[{"embeddable":true,"href":"https:\/\/christinabach.com\/index.php?rest_route=%2Fwp%2Fv2%2Fcomments&post=65"}],"version-history":[{"count":2,"href":"https:\/\/christinabach.com\/index.php?rest_route=\/wp\/v2\/pages\/65\/revisions"}],"predecessor-version":[{"id":197,"href":"https:\/\/christinabach.com\/index.php?rest_route=\/wp\/v2\/pages\/65\/revisions\/197"}],"wp:attachment":[{"href":"https:\/\/christinabach.com\/index.php?rest_route=%2Fwp%2Fv2%2Fmedia&parent=65"}],"curies":[{"name":"wp","href":"https:\/\/api.w.org\/{rel}","templated":true}]}}